{"id":2313,"date":"2016-01-27T09:41:38","date_gmt":"2016-01-27T07:41:38","guid":{"rendered":"https:\/\/juanperis.fit\/mi-trabajo\/"},"modified":"2016-01-27T09:41:38","modified_gmt":"2016-01-27T07:41:38","slug":"mi-trabajo","status":"publish","type":"page","link":"https:\/\/juanperis.fit\/en\/mi-trabajo\/","title":{"rendered":"Mi trabajo"},"content":{"rendered":"<p><div class=\"fusion-fullwidth fullwidth-box fusion-builder-row-1 nonhundred-percent-fullwidth non-hundred-percent-height-scrolling\" style=\"--awb-background-position:left top;--awb-border-radius-top-left:0px;--awb-border-radius-top-right:0px;--awb-border-radius-bottom-right:0px;--awb-border-radius-bottom-left:0px;--awb-padding-top:45px;--awb-padding-bottom:50px;--awb-background-color:#1f8a42;--awb-border-sizes-top:0px;--awb-border-sizes-bottom:0px;--awb-flex-wrap:wrap;\" ><div class=\"fusion-builder-row fusion-row\"><div class=\"fusion-layout-column fusion_builder_column fusion-builder-column-0 fusion_builder_column_1_1 1_1 fusion-one-full fusion-column-first fusion-column-last fusion-column-no-min-height\" style=\"--awb-bg-size:cover;--awb-margin-top:50px;--awb-margin-bottom:50px;\"><div class=\"fusion-column-wrapper fusion-flex-column-wrapper-legacy\"><div class=\"fusion-text fusion-text-1\"><h2 style=\"text-align: center;\">JUAN PERIS \u2022 MYOX<\/h2>\n<h3 style=\"text-align: center; color: #fff;\">Preparador F\u00edsico y Fisioterapeuta<\/h3>\n<\/div><div class=\"fusion-text fusion-text-2\"><h3 style=\"text-align: center; color: #fff;\">ENTRENAMIENTO \u2022 FISIOTERAPIA \u2022 FORMACI\u00d3N \u2022 TIENDA<\/h3>\n<\/div><div class=\"fusion-sep-clear\"><\/div><div class=\"fusion-separator\" style=\"margin-left: auto;margin-right: auto;margin-top:0px;margin-bottom:0px;width:100%;max-width:130px;\"><div class=\"fusion-separator-border sep-single sep-solid\" style=\"--awb-height:20px;--awb-amount:20px;--awb-sep-color:#4268ae;border-color:#4268ae;border-top-width:1px;\"><\/div><\/div><div class=\"fusion-sep-clear\"><\/div><div class=\"fusion-clearfix\"><\/div><\/div><\/div><\/div><\/div><div class=\"fusion-fullwidth fullwidth-box fusion-builder-row-2 hundred-percent-fullwidth non-hundred-percent-height-scrolling\" style=\"--awb-background-position:left top;--awb-border-radius-top-left:0px;--awb-border-radius-top-right:0px;--awb-border-radius-bottom-right:0px;--awb-border-radius-bottom-left:0px;--awb-padding-top:0px;--awb-padding-right:0px;--awb-padding-bottom:0px;--awb-padding-left:0px;--awb-margin-bottom:-81px;--awb-border-sizes-top:0px;--awb-border-sizes-bottom:0px;--awb-flex-wrap:wrap;\" ><div class=\"fusion-builder-row fusion-row\"><div class=\"fusion-layout-column fusion_builder_column fusion-builder-column-1 fusion_builder_column_1_1 1_1 fusion-one-full fusion-column-first fusion-column-last fusion-column-no-min-height\" style=\"--awb-bg-size:cover;\"><div class=\"fusion-column-wrapper fusion-flex-column-wrapper-legacy\"><div class=\"fusion-clearfix\"><\/div><\/div><\/div><\/div><\/div><div class=\"fusion-bg-parallax\" data-bg-align=\"center center\" data-direction=\"up\" data-mute=\"false\" data-opacity=\"100\" data-velocity=\"-0.3\" data-mobile-enabled=\"false\" data-break_parents=\"0\" data-bg-image=\"https:\/\/juanperis.fit\/wp-content\/uploads\/2017\/03\/BLOG-DE-JUAN-PERIS-1024x680.jpg\" data-bg-repeat=\"false\" data-bg-color=\"#2d313a\" ><\/div><div class=\"fusion-fullwidth fullwidth-box fusion-builder-row-3 fusion-parallax-up nonhundred-percent-fullwidth non-hundred-percent-height-scrolling\" style=\"--awb-border-radius-top-left:0px;--awb-border-radius-top-right:0px;--awb-border-radius-bottom-right:0px;--awb-border-radius-bottom-left:0px;--awb-padding-top:4%;--awb-padding-bottom:0px;--awb-background-color:#2d313a;--awb-background-image:url(&quot;https:\/\/juanperis.fit\/wp-content\/uploads\/2017\/03\/BLOG-DE-JUAN-PERIS-1024x680.jpg&quot;);--awb-background-size:cover;--awb-border-sizes-top:0px;--awb-border-sizes-bottom:0px;--awb-flex-wrap:wrap;\" ><div class=\"fusion-builder-row fusion-row\"><div class=\"fusion-layout-column fusion_builder_column fusion-builder-column-2 fusion_builder_column_1_6 1_6 fusion-one-sixth fusion-column-first fusion-no-small-visibility\" style=\"--awb-bg-size:cover;width:13.3333%; margin-right: 4%;\"><div class=\"fusion-column-wrapper fusion-flex-column-wrapper-legacy\"><div class=\"fusion-clearfix\"><\/div><\/div><\/div><div class=\"fusion-layout-column fusion_builder_column fusion-builder-column-3 fusion_builder_column_2_3 2_3 fusion-two-third\" style=\"--awb-bg-size:cover;--awb-margin-top:50px;width:65.3333%; margin-right: 4%;\"><div class=\"fusion-column-wrapper fusion-flex-column-wrapper-legacy\"><div class=\"fusion-text fusion-text-3\"><h2 style=\"text-align: center;\"><em>Especialista en\u00a0<a href=\"https:\/\/myox.fit\" target=\"_blank\" rel=\"noopener noreferrer\"><span style=\"color: #4268ae;\">Electroestimulaci\u00f3n <\/span><span style=\"color: #ffffff;\">y<\/span> <span style=\"color: #4268ae;\">Biomec\u00e1nica<\/span><\/a><\/em><\/h2>\n<\/div><div class=\"fusion-text fusion-text-4\"><h3 style=\"text-align: center;\">PERSIGUIENDO, SIEMPRE, LA EXCELENCIA<\/h3>\n<\/div><div class=\"fusion-sep-clear\"><\/div><div class=\"fusion-separator\" style=\"margin-left: auto;margin-right: auto;margin-top:0px;margin-bottom:50px;width:100%;max-width:130px;\"><div class=\"fusion-separator-border sep-single sep-solid\" style=\"--awb-height:20px;--awb-amount:20px;--awb-sep-color:#ffffff;border-color:#ffffff;border-top-width:1px;\"><\/div><\/div><div class=\"fusion-sep-clear\"><\/div><div class=\"fusion-text fusion-text-5\"><p style=\"text-align: center;\">Hola, soy <a href=\"https:\/\/myox.fit\/juan-peris\/\"><strong>Juan Peris<\/strong><\/a>, son ya m\u00e1s de 20 a\u00f1os ayudando a muchas personas a cuidar de su salud y mejorar su condici\u00f3n f\u00edsica, y haciendo llegar nuestro conocimiento y metodolog\u00eda a profesionales de todo el mundo a trav\u00e9s de nuestras formaciones.<\/p>\n<\/div><div class=\"fusion-clearfix\"><\/div><\/div><\/div><div class=\"fusion-layout-column fusion_builder_column fusion-builder-column-4 fusion_builder_column_1_6 1_6 fusion-one-sixth fusion-column-last fusion-no-small-visibility\" style=\"--awb-bg-size:cover;width:13.3333%;\"><div class=\"fusion-column-wrapper fusion-flex-column-wrapper-legacy\"><div class=\"fusion-clearfix\"><\/div><\/div><\/div><div class=\"fusion-layout-column fusion_builder_column fusion-builder-column-5 fusion_builder_column_1_1 1_1 fusion-one-full fusion-column-first fusion-column-last\" style=\"--awb-bg-size:cover;\"><div class=\"fusion-column-wrapper fusion-flex-column-wrapper-legacy\"><div class=\"fusion-sep-clear\"><\/div><div class=\"fusion-separator fusion-full-width-sep\" style=\"margin-left: auto;margin-right: auto;margin-top:40px;width:100%;\"><\/div><div class=\"fusion-sep-clear\"><\/div><div class=\"fusion-clearfix\"><\/div><\/div><\/div><div class=\"fusion-layout-column fusion_builder_column fusion-builder-column-6 fusion_builder_column_1_1 1_1 fusion-one-full fusion-column-first fusion-column-last\" style=\"--awb-bg-size:cover;\"><div class=\"fusion-column-wrapper fusion-flex-column-wrapper-legacy\"><div class=\"fusion-sep-clear\"><\/div><div class=\"fusion-separator fusion-full-width-sep\" style=\"margin-left: auto;margin-right: auto;margin-top:50px;width:100%;\"><\/div><div class=\"fusion-sep-clear\"><\/div><div class=\"fusion-section-separator section-separator slant fusion-section-separator-1\" style=\"--awb-spacer-height:99px;--awb-svg-margin-left:0;--awb-svg-margin-right:0;--awb-divider-height:99px;--awb-spacer-padding-top:inherit;--awb-sep-padding:0;--awb-svg-padding:0;--awb-svg-tag-margin-bottom:-3px;--awb-sep-svg-display:block;\"><div class=\"fusion-section-separator-svg\"><svg class=\"fusion-slant-candy\" xmlns=\"http:\/\/www.w3.org\/2000\/svg\" version=\"1.1\" width=\"100%\" height=\"100\" viewBox=\"0 0 100 100\" preserveAspectRatio=\"none\" fill=\"rgba(235,236,237,1)\"><path d=\"M100 0 L0 100 L101 100 Z\"><\/path><\/svg><\/div><div class=\"fusion-section-separator-spacer\"><div class=\"fusion-section-separator-spacer-height\"><\/div><\/div><\/div><div class=\"fusion-clearfix\"><\/div><\/div><\/div><\/div><\/div><div class=\"fusion-fullwidth fullwidth-box fusion-builder-row-4 nonhundred-percent-fullwidth non-hundred-percent-height-scrolling\" style=\"--awb-background-position:left top;--awb-border-radius-top-left:0px;--awb-border-radius-top-right:0px;--awb-border-radius-bottom-right:0px;--awb-border-radius-bottom-left:0px;--awb-padding-top:5%;--awb-padding-bottom:5%;--awb-background-color:#ebeced;--awb-border-sizes-top:0px;--awb-border-sizes-bottom:0px;--awb-flex-wrap:wrap;\" ><div class=\"fusion-builder-row fusion-row\"><div class=\"fusion-layout-column fusion_builder_column fusion-builder-column-7 fusion_builder_column_1_6 1_6 fusion-one-sixth fusion-column-first fusion-no-small-visibility\" style=\"--awb-bg-size:cover;width:13.3333%; margin-right: 4%;\"><div class=\"fusion-column-wrapper fusion-flex-column-wrapper-legacy\"><div class=\"fusion-clearfix\"><\/div><\/div><\/div><div class=\"fusion-layout-column fusion_builder_column fusion-builder-column-8 fusion_builder_column_2_3 2_3 fusion-two-third\" style=\"--awb-bg-size:cover;--awb-margin-top:70px;--awb-margin-bottom:75px;width:65.3333%; margin-right: 4%;\"><div class=\"fusion-column-wrapper fusion-flex-column-wrapper-legacy\"><div class=\"fusion-text fusion-text-6\"><h2 style=\"text-align: center; color: #1d2028;\">\u00bfTe ha interesado el trabajo que realizo?<\/h2>\n<\/div><div class=\"fusion-text fusion-text-7\"><h3 style=\"text-align: center;\"><span style=\"color: #000000;\">CU\u00c9NTAME, QUIZ\u00c1 PUEDA SERVIRTE DE AYUDA<\/span><\/h3>\n<\/div><div class=\"fusion-sep-clear\"><\/div><div class=\"fusion-separator\" style=\"margin-left: auto;margin-right: auto;margin-top:0px;margin-bottom:50px;width:100%;max-width:130px;\"><div class=\"fusion-separator-border sep-single sep-solid\" style=\"--awb-height:20px;--awb-amount:20px;--awb-sep-color:#b9bfcc;border-color:#b9bfcc;border-top-width:1px;\"><\/div><\/div><div class=\"fusion-sep-clear\"><\/div><div class=\"fusion-text fusion-text-8\"><p style=\"text-align: center; color: #555c6e;\">Soy <a href=\"https:\/\/myox.fit\/juan-peris\/\"><strong>Juan Peris<\/strong><\/a>, director de <strong><a href=\"https:\/\/myox.fit\">Myox<\/a>, <\/strong>y en primer lugar deseo agradecer el inter\u00e9s mostrado por mi trabajo visitando mi web. Por favor, no dudes en dejarme tu consulta. <em>\u00a1Muchas gracias!<\/em><\/p>\n<\/div><div class=\"fusion-sep-clear\"><\/div><div class=\"fusion-separator fusion-full-width-sep\" style=\"margin-left: auto;margin-right: auto;margin-top:20px;width:100%;\"><\/div><div class=\"fusion-sep-clear\"><\/div><div class=\"fusion-button-wrapper fusion-aligncenter\"><a class=\"fusion-button button-flat button-xlarge button-default fusion-button-default button-1 fusion-button-span-no fusion-button-default-type\" target=\"_self\" href=\"https:\/\/juanperis.fit\/contacto\/\"><span class=\"fusion-button-text awb-button__text awb-button__text--default\">CONTACTA CONMIGO<\/span><\/a><\/div><div class=\"fusion-clearfix\"><\/div><\/div><\/div><div class=\"fusion-layout-column fusion_builder_column fusion-builder-column-9 fusion_builder_column_1_6 1_6 fusion-one-sixth fusion-column-last fusion-no-small-visibility\" style=\"--awb-bg-size:cover;width:13.3333%;\"><div class=\"fusion-column-wrapper fusion-flex-column-wrapper-legacy\"><div class=\"fusion-clearfix\"><\/div><\/div><\/div><\/div><\/div><\/p>\n","protected":false},"excerpt":{"rendered":"","protected":false},"author":2,"featured_media":0,"parent":0,"menu_order":0,"comment_status":"closed","ping_status":"closed","template":"100-width.php","meta":{"_acf_changed":false,"footnotes":""},"class_list":["post-2313","page","type-page","status-publish","hentry"],"acf":[],"yoast_head":"<!-- This site is optimized with the Yoast SEO plugin v27.4 - https:\/\/yoast.com\/product\/yoast-seo-wordpress\/ -->\n<title>Mi trabajo - Juan Peris - MYOX \u00ae<\/title>\n<meta name=\"robots\" content=\"index, follow, max-snippet:-1, max-image-preview:large, max-video-preview:-1\" \/>\n<link rel=\"canonical\" href=\"https:\/\/juanperis.fit\/en\/mi-trabajo\/\" \/>\n<meta property=\"og:locale\" content=\"en_GB\" \/>\n<meta property=\"og:type\" content=\"article\" \/>\n<meta property=\"og:title\" content=\"Mi trabajo - Juan Peris - MYOX \u00ae\" \/>\n<meta property=\"og:url\" content=\"https:\/\/juanperis.fit\/en\/mi-trabajo\/\" \/>\n<meta property=\"og:site_name\" content=\"Juan Peris - MYOX \u00ae\" \/>\n<meta property=\"article:publisher\" content=\"https:\/\/www.facebook.com\/myox.fit\" \/>\n<meta name=\"twitter:label1\" content=\"Estimated reading time\" \/>\n\t<meta name=\"twitter:data1\" content=\"9 minutes\" \/>\n<script type=\"application\/ld+json\" class=\"yoast-schema-graph\">{\"@context\":\"https:\\\/\\\/schema.org\",\"@graph\":[{\"@type\":\"WebPage\",\"@id\":\"https:\\\/\\\/juanperis.fit\\\/en\\\/mi-trabajo\\\/\",\"url\":\"https:\\\/\\\/juanperis.fit\\\/en\\\/mi-trabajo\\\/\",\"name\":\"Mi trabajo - Juan Peris - MYOX \u00ae\",\"isPartOf\":{\"@id\":\"https:\\\/\\\/juanperis.fit\\\/en\\\/#website\"},\"datePublished\":\"2016-01-27T07:41:38+00:00\",\"breadcrumb\":{\"@id\":\"https:\\\/\\\/juanperis.fit\\\/en\\\/mi-trabajo\\\/#breadcrumb\"},\"inLanguage\":\"en-GB\",\"potentialAction\":[{\"@type\":\"ReadAction\",\"target\":[\"https:\\\/\\\/juanperis.fit\\\/en\\\/mi-trabajo\\\/\"]}]},{\"@type\":\"BreadcrumbList\",\"@id\":\"https:\\\/\\\/juanperis.fit\\\/en\\\/mi-trabajo\\\/#breadcrumb\",\"itemListElement\":[{\"@type\":\"ListItem\",\"position\":1,\"name\":\"Portada\",\"item\":\"https:\\\/\\\/juanperis.fit\\\/en\\\/\"},{\"@type\":\"ListItem\",\"position\":2,\"name\":\"Mi trabajo\"}]},{\"@type\":\"WebSite\",\"@id\":\"https:\\\/\\\/juanperis.fit\\\/en\\\/#website\",\"url\":\"https:\\\/\\\/juanperis.fit\\\/en\\\/\",\"name\":\"Juan Peris - MYOX \u00ae\",\"description\":\"Entrenador personal, Preparador F\u00edsico y Fisioterapeuta | Especialista en electroestimulaci\u00f3n muscular | La Nuc\u00eda (Alicante) y Online\",\"publisher\":{\"@id\":\"https:\\\/\\\/juanperis.fit\\\/en\\\/#\\\/schema\\\/person\\\/dbca779c2db7b24f4758f3a7464186ab\"},\"potentialAction\":[{\"@type\":\"SearchAction\",\"target\":{\"@type\":\"EntryPoint\",\"urlTemplate\":\"https:\\\/\\\/juanperis.fit\\\/en\\\/?s={search_term_string}\"},\"query-input\":{\"@type\":\"PropertyValueSpecification\",\"valueRequired\":true,\"valueName\":\"search_term_string\"}}],\"inLanguage\":\"en-GB\"},{\"@type\":[\"Person\",\"Organization\"],\"@id\":\"https:\\\/\\\/juanperis.fit\\\/en\\\/#\\\/schema\\\/person\\\/dbca779c2db7b24f4758f3a7464186ab\",\"name\":\"Juan Peris\",\"image\":{\"@type\":\"ImageObject\",\"inLanguage\":\"en-GB\",\"@id\":\"https:\\\/\\\/juanperis.fit\\\/wp-content\\\/uploads\\\/2020\\\/05\\\/MYOX-FIT-CUAD.jpg\",\"url\":\"https:\\\/\\\/juanperis.fit\\\/wp-content\\\/uploads\\\/2020\\\/05\\\/MYOX-FIT-CUAD.jpg\",\"contentUrl\":\"https:\\\/\\\/juanperis.fit\\\/wp-content\\\/uploads\\\/2020\\\/05\\\/MYOX-FIT-CUAD.jpg\",\"width\":2172,\"height\":1892,\"caption\":\"Juan Peris\"},\"logo\":{\"@id\":\"https:\\\/\\\/juanperis.fit\\\/wp-content\\\/uploads\\\/2020\\\/05\\\/MYOX-FIT-CUAD.jpg\"},\"sameAs\":[\"https:\\\/\\\/juanperis.fit\",\"https:\\\/\\\/www.facebook.com\\\/myox.fit\"]}]}<\/script>\n<!-- \/ Yoast SEO plugin. -->","yoast_head_json":{"title":"Mi trabajo - Juan Peris - MYOX \u00ae","robots":{"index":"index","follow":"follow","max-snippet":"max-snippet:-1","max-image-preview":"max-image-preview:large","max-video-preview":"max-video-preview:-1"},"canonical":"https:\/\/juanperis.fit\/en\/mi-trabajo\/","og_locale":"en_GB","og_type":"article","og_title":"Mi trabajo - Juan Peris - MYOX \u00ae","og_url":"https:\/\/juanperis.fit\/en\/mi-trabajo\/","og_site_name":"Juan Peris - MYOX \u00ae","article_publisher":"https:\/\/www.facebook.com\/myox.fit","twitter_misc":{"Estimated reading time":"9 minutes"},"schema":{"@context":"https:\/\/schema.org","@graph":[{"@type":"WebPage","@id":"https:\/\/juanperis.fit\/en\/mi-trabajo\/","url":"https:\/\/juanperis.fit\/en\/mi-trabajo\/","name":"Mi trabajo - Juan Peris - MYOX \u00ae","isPartOf":{"@id":"https:\/\/juanperis.fit\/en\/#website"},"datePublished":"2016-01-27T07:41:38+00:00","breadcrumb":{"@id":"https:\/\/juanperis.fit\/en\/mi-trabajo\/#breadcrumb"},"inLanguage":"en-GB","potentialAction":[{"@type":"ReadAction","target":["https:\/\/juanperis.fit\/en\/mi-trabajo\/"]}]},{"@type":"BreadcrumbList","@id":"https:\/\/juanperis.fit\/en\/mi-trabajo\/#breadcrumb","itemListElement":[{"@type":"ListItem","position":1,"name":"Portada","item":"https:\/\/juanperis.fit\/en\/"},{"@type":"ListItem","position":2,"name":"Mi trabajo"}]},{"@type":"WebSite","@id":"https:\/\/juanperis.fit\/en\/#website","url":"https:\/\/juanperis.fit\/en\/","name":"Juan Peris - MYOX \u00ae","description":"Entrenador personal, Preparador F\u00edsico y Fisioterapeuta | Especialista en electroestimulaci\u00f3n muscular | La Nuc\u00eda (Alicante) y Online","publisher":{"@id":"https:\/\/juanperis.fit\/en\/#\/schema\/person\/dbca779c2db7b24f4758f3a7464186ab"},"potentialAction":[{"@type":"SearchAction","target":{"@type":"EntryPoint","urlTemplate":"https:\/\/juanperis.fit\/en\/?s={search_term_string}"},"query-input":{"@type":"PropertyValueSpecification","valueRequired":true,"valueName":"search_term_string"}}],"inLanguage":"en-GB"},{"@type":["Person","Organization"],"@id":"https:\/\/juanperis.fit\/en\/#\/schema\/person\/dbca779c2db7b24f4758f3a7464186ab","name":"Juan Peris","image":{"@type":"ImageObject","inLanguage":"en-GB","@id":"https:\/\/juanperis.fit\/wp-content\/uploads\/2020\/05\/MYOX-FIT-CUAD.jpg","url":"https:\/\/juanperis.fit\/wp-content\/uploads\/2020\/05\/MYOX-FIT-CUAD.jpg","contentUrl":"https:\/\/juanperis.fit\/wp-content\/uploads\/2020\/05\/MYOX-FIT-CUAD.jpg","width":2172,"height":1892,"caption":"Juan Peris"},"logo":{"@id":"https:\/\/juanperis.fit\/wp-content\/uploads\/2020\/05\/MYOX-FIT-CUAD.jpg"},"sameAs":["https:\/\/juanperis.fit","https:\/\/www.facebook.com\/myox.fit"]}]}},"_links":{"self":[{"href":"https:\/\/juanperis.fit\/en\/wp-json\/wp\/v2\/pages\/2313","targetHints":{"allow":["GET"]}}],"collection":[{"href":"https:\/\/juanperis.fit\/en\/wp-json\/wp\/v2\/pages"}],"about":[{"href":"https:\/\/juanperis.fit\/en\/wp-json\/wp\/v2\/types\/page"}],"author":[{"embeddable":true,"href":"https:\/\/juanperis.fit\/en\/wp-json\/wp\/v2\/users\/2"}],"replies":[{"embeddable":true,"href":"https:\/\/juanperis.fit\/en\/wp-json\/wp\/v2\/comments?post=2313"}],"version-history":[{"count":0,"href":"https:\/\/juanperis.fit\/en\/wp-json\/wp\/v2\/pages\/2313\/revisions"}],"wp:attachment":[{"href":"https:\/\/juanperis.fit\/en\/wp-json\/wp\/v2\/media?parent=2313"}],"curies":[{"name":"wp","href":"https:\/\/api.w.org\/{rel}","templated":true}]}}